{"id":3,"date":"2022-03-17T10:38:50","date_gmt":"2022-03-17T09:38:50","guid":{"rendered":"http:\/\/drago-wp.v-labs.fr\/?page_id=3"},"modified":"2022-06-20T12:43:35","modified_gmt":"2022-06-20T10:43:35","slug":"politique-de-confidentialite","status":"publish","type":"page","link":"http:\/\/drago-wp.v-labs.fr\/index.php\/politique-de-confidentialite\/","title":{"rendered":"Politique de confidentialit\u00e9"},"content":{"rendered":"<h2>Conditions d&rsquo;utilisation<\/h2>\r\n<p>Le site internet de \u00ab\u00a0DRAGO, l&rsquo;application\u00a0\u00bb a une vocation uniquement informative. Pour les conditions g\u00e9n\u00e9rales d&rsquo;utilisation (CGU) et la Politique de Confidentialit\u00e9 de l&rsquo;application (PDC) , les utilisateurs doivent se reporter aux CGU et PDC figurant dans l&rsquo;application<\/p>\r\n<p>&nbsp;<\/p>\r\n<h2>Protection des donn\u00e9es personnelles<\/h2>\r\n<p>Aucune donn\u00e9e personnelle ne sera utilis\u00e9e pour des finalit\u00e9s commerciales ou de communication. Cela exclue donc tout cookie ou traceur \u00e0 vocation de suivi personnalis\u00e9 ou individualisant.<\/p>\r\n<p>Seuls des cookies de fr\u00e9quentation et utilisation de ce site internet peuvent \u00eatre collect\u00e9s pour l&rsquo;am\u00e9lioration du service et du fonctionnement de ce site internet. (google analytics)<\/p>\r\n","protected":false},"excerpt":{"rendered":"<p>Conditions d&rsquo;utilisation Le site internet de \u00ab\u00a0DRAGO, l&rsquo;application\u00a0\u00bb a une vocation uniquement informative. Pour les conditions g\u00e9n\u00e9rales d&rsquo;utilisation (CGU) et la Politique de Confidentialit\u00e9 de l&rsquo;application (PDC) , les utilisateurs doivent se reporter aux CGU et PDC figurant dans l&rsquo;application &nbsp; Protection des donn\u00e9es personnelles Aucune donn\u00e9e personnelle ne sera utilis\u00e9e pour des finalit\u00e9s commerciales [&hellip;]<\/p>\n","protected":false},"author":1,"featured_media":0,"parent":0,"menu_order":4,"comment_status":"closed","ping_status":"open","template":"","meta":[],"acf":[],"_links":{"self":[{"href":"http:\/\/drago-wp.v-labs.fr\/index.php\/wp-json\/wp\/v2\/pages\/3"}],"collection":[{"href":"http:\/\/drago-wp.v-labs.fr\/index.php\/wp-json\/wp\/v2\/pages"}],"about":[{"href":"http:\/\/drago-wp.v-labs.fr\/index.php\/wp-json\/wp\/v2\/types\/page"}],"author":[{"embeddable":true,"href":"http:\/\/drago-wp.v-labs.fr\/index.php\/wp-json\/wp\/v2\/users\/1"}],"replies":[{"embeddable":true,"href":"http:\/\/drago-wp.v-labs.fr\/index.php\/wp-json\/wp\/v2\/comments?post=3"}],"version-history":[{"count":4,"href":"http:\/\/drago-wp.v-labs.fr\/index.php\/wp-json\/wp\/v2\/pages\/3\/revisions"}],"predecessor-version":[{"id":2214,"href":"http:\/\/drago-wp.v-labs.fr\/index.php\/wp-json\/wp\/v2\/pages\/3\/revisions\/2214"}],"wp:attachment":[{"href":"http:\/\/drago-wp.v-labs.fr\/index.php\/wp-json\/wp\/v2\/media?parent=3"}],"curies":[{"name":"wp","href":"https:\/\/api.w.org\/{rel}","templated":true}]}}