{"id":2126,"date":"2022-05-06T10:06:57","date_gmt":"2022-05-06T08:06:57","guid":{"rendered":"http:\/\/drago-wp.v-labs.fr\/?page_id=2126"},"modified":"2022-06-08T21:00:59","modified_gmt":"2022-06-08T19:00:59","slug":"mentions-legales","status":"publish","type":"page","link":"http:\/\/drago-wp.v-labs.fr\/index.php\/mentions-legales\/","title":{"rendered":"Mentions L\u00e9gales"},"content":{"rendered":"<h2>\u00c9diteur du site<\/h2>\n<p>SAS DRAGO, Soci\u00e9t\u00e9 par Actions Simplifi\u00e9e au capital de 623\u20ac<\/p>\n<p>SIREN: 878475458<\/p>\n<p>Adresse: 30 rue Chanzy, 28000 Chartres<\/p>\n<p>support@dragoappli.com<\/p>\n<p>directeur de publication: Dr Julien Cottet, CEO de la SAS DRAGO<\/p>\n<h2><\/h2>\n<h2>H\u00e9bergeur<\/h2>\n<p>OVH<\/p>\n<p>2 rue Kellermann<\/p>\n<p>59100 Roubaix<\/p>\n<p>08 20 32 03 63<\/p>\n<h2>Conditions d&rsquo;utilisation<\/h2>\n<p>Le site internet de \u00ab\u00a0DRAGO, l&rsquo;application\u00a0\u00bb a une vocation uniquement informative. Pour les conditions g\u00e9n\u00e9rales d&rsquo;utilisation (CGU) et la Politique de Confidentialit\u00e9 de l&rsquo;application (PDC) , les utilisateurs doivent se reporter aux CGU et PDC figurant dans l&rsquo;application<\/p>\n<p>&nbsp;<\/p>\n<h2>Protection des donn\u00e9es personnelles<\/h2>\n<p>Aucune donn\u00e9e personnelle ne sera utilis\u00e9e pour des finalit\u00e9s commerciales ou de communication. Cela exclue donc tout cookie ou traceur \u00e0 vocation de suivi personnalis\u00e9 ou individualisant.<\/p>\n<p>Seuls des cookies de fr\u00e9quentation et utilisation de ce site internet peuvent \u00eatre collect\u00e9s pour l&rsquo;am\u00e9lioration du service et du fonctionnement de ce site internet. (google analytics)<\/p>\n","protected":false},"excerpt":{"rendered":"<p>\u00c9diteur du site SAS DRAGO, Soci\u00e9t\u00e9 par Actions Simplifi\u00e9e au capital de 623\u20ac SIREN: 878475458 Adresse: 30 rue Chanzy, 28000 Chartres support@dragoappli.com directeur de publication: Dr Julien Cottet, CEO de la SAS DRAGO H\u00e9bergeur OVH 2 rue Kellermann 59100 Roubaix 08 20 32 03 63 Conditions d&rsquo;utilisation Le site internet de \u00ab\u00a0DRAGO, l&rsquo;application\u00a0\u00bb a une [&hellip;]<\/p>\n","protected":false},"author":1,"featured_media":0,"parent":0,"menu_order":0,"comment_status":"closed","ping_status":"closed","template":"","meta":[],"acf":[],"_links":{"self":[{"href":"http:\/\/drago-wp.v-labs.fr\/index.php\/wp-json\/wp\/v2\/pages\/2126"}],"collection":[{"href":"http:\/\/drago-wp.v-labs.fr\/index.php\/wp-json\/wp\/v2\/pages"}],"about":[{"href":"http:\/\/drago-wp.v-labs.fr\/index.php\/wp-json\/wp\/v2\/types\/page"}],"author":[{"embeddable":true,"href":"http:\/\/drago-wp.v-labs.fr\/index.php\/wp-json\/wp\/v2\/users\/1"}],"replies":[{"embeddable":true,"href":"http:\/\/drago-wp.v-labs.fr\/index.php\/wp-json\/wp\/v2\/comments?post=2126"}],"version-history":[{"count":5,"href":"http:\/\/drago-wp.v-labs.fr\/index.php\/wp-json\/wp\/v2\/pages\/2126\/revisions"}],"predecessor-version":[{"id":2205,"href":"http:\/\/drago-wp.v-labs.fr\/index.php\/wp-json\/wp\/v2\/pages\/2126\/revisions\/2205"}],"wp:attachment":[{"href":"http:\/\/drago-wp.v-labs.fr\/index.php\/wp-json\/wp\/v2\/media?parent=2126"}],"curies":[{"name":"wp","href":"https:\/\/api.w.org\/{rel}","templated":true}]}}